{"id":31,"date":"2025-12-16T11:12:01","date_gmt":"2025-12-16T11:12:01","guid":{"rendered":"https:\/\/mpcgest.com\/index.php\/contact\/"},"modified":"2026-03-16T11:12:22","modified_gmt":"2026-03-16T11:12:22","slug":"contacto","status":"publish","type":"page","link":"https:\/\/mpcgest.com\/es\/contacto\/","title":{"rendered":"contacto"},"content":{"rendered":"\t\t<div data-elementor-type=\"wp-page\" data-elementor-id=\"31\" class=\"elementor elementor-31\" data-elementor-post-type=\"page\">\n\t\t\t\t<div class=\"elementor-element elementor-element-55f0781 e-flex e-con-boxed e-con e-parent\" data-id=\"55f0781\" data-element_type=\"container\" data-e-type=\"container\" data-settings=\"{&quot;background_background&quot;:&quot;classic&quot;}\">\n\t\t\t\t\t<div class=\"e-con-inner\">\n\t\t\t\t<div class=\"elementor-element elementor-element-e437ab8 elementor-widget elementor-widget-heading\" data-id=\"e437ab8\" data-element_type=\"widget\" data-e-type=\"widget\" data-widget_type=\"heading.default\">\n\t\t\t\t\t<h2 class=\"elementor-heading-title elementor-size-default\">CONTACTO<\/h2>\t\t\t\t<\/div>\n\t\t\t\t<div class=\"elementor-element elementor-element-3055549 elementor-widget elementor-widget-text-editor\" data-id=\"3055549\" data-element_type=\"widget\" data-e-type=\"widget\" data-widget_type=\"text-editor.default\">\n\t\t\t\t\t\t\t\t\t<p>\u00bfTienes dudas o quieres m\u00e1s informaci\u00f3n sobre nuestros servicios?<br \/>Estaremos encantadas de escucharte. Simplificamos tus tr\u00e1mites, potenciamos tus logros.<\/p><p>Escr\u00edbenos y descubre una asesor\u00eda diferente: digital, profesional y cercana.<\/p>\t\t\t\t\t\t\t\t<\/div>\n\t\t\t\t\t<\/div>\n\t\t\t\t<\/div>\n\t\t<div class=\"elementor-element elementor-element-8d21638 e-flex e-con-boxed e-con e-parent\" data-id=\"8d21638\" data-element_type=\"container\" data-e-type=\"container\" data-settings=\"{&quot;background_background&quot;:&quot;classic&quot;}\">\n\t\t\t\t\t<div class=\"e-con-inner\">\n\t\t<div class=\"elementor-element elementor-element-20bae34 e-con-full e-flex e-con e-child\" data-id=\"20bae34\" data-element_type=\"container\" data-e-type=\"container\" data-settings=\"{&quot;background_background&quot;:&quot;classic&quot;}\">\n\t\t\t\t<div class=\"elementor-element elementor-element-3d010a7 elementor-widget elementor-widget-image\" data-id=\"3d010a7\" data-element_type=\"widget\" data-e-type=\"widget\" data-widget_type=\"image.default\">\n\t\t\t\t\t\t\t\t\t\t\t\t\t\t\t<img decoding=\"async\" width=\"300\" height=\"66\" src=\"https:\/\/mpcgest.com\/wp-content\/uploads\/2025\/12\/Logo-Horizontal-Marron-Verde@1.5x-300x66.webp\" class=\"attachment-medium size-medium wp-image-147\" alt=\"\" srcset=\"https:\/\/mpcgest.com\/wp-content\/uploads\/2025\/12\/Logo-Horizontal-Marron-Verde@1.5x-300x66.webp 300w, https:\/\/mpcgest.com\/wp-content\/uploads\/2025\/12\/Logo-Horizontal-Marron-Verde@1.5x-1024x227.webp 1024w, https:\/\/mpcgest.com\/wp-content\/uploads\/2025\/12\/Logo-Horizontal-Marron-Verde@1.5x-768x170.webp 768w, https:\/\/mpcgest.com\/wp-content\/uploads\/2025\/12\/Logo-Horizontal-Marron-Verde@1.5x-1536x340.webp 1536w, https:\/\/mpcgest.com\/wp-content\/uploads\/2025\/12\/Logo-Horizontal-Marron-Verde@1.5x.webp 1626w\" sizes=\"(max-width: 300px) 100vw, 300px\" \/>\t\t\t\t\t\t\t\t\t\t\t\t\t\t\t<\/div>\n\t\t\t\t<div class=\"elementor-element elementor-element-73daa5d elementor-widget elementor-widget-text-editor\" data-id=\"73daa5d\" data-element_type=\"widget\" data-e-type=\"widget\" data-widget_type=\"text-editor.default\">\n\t\t\t\t\t\t\t\t\t<p>Pol. Ind. Can Mascar\u00f3, Carrer del Ponent, 1, 1\u00aa 5, 08756 La Palma de Cervell\u00f3, Barcelona.<\/p><p>\u00a0<\/p><p><strong>623962295<\/strong><\/p><p><strong>info@mpcgest.com<\/strong><\/p>\t\t\t\t\t\t\t\t<\/div>\n\t\t\t\t<\/div>\n\t\t\t\t<div class=\"elementor-element elementor-element-b5c897a elementor-widget elementor-widget-google_maps\" data-id=\"b5c897a\" data-element_type=\"widget\" data-e-type=\"widget\" data-widget_type=\"google_maps.default\">\n\t\t\t\t\t\t\t<div class=\"elementor-custom-embed\">\n\t\t\t<iframe loading=\"lazy\"\n\t\t\t\t\tsrc=\"https:\/\/maps.google.com\/maps?q=Pol.%20Ind.%20Can%20Mascar%C3%B3%2C%20Carrer%20del%20Ponent%2C%201%2C%201%C2%AA%205%2C%2008756%20La%20Palma%20de%20Cervell%C3%B3%2C%20Barcelona&#038;t=m&#038;z=10&#038;output=embed&#038;iwloc=near\"\n\t\t\t\t\ttitle=\"Pol. Ind. Can Mascar\u00f3, Carrer del Ponent, 1, 1\u00aa 5, 08756 La Palma de Cervell\u00f3, Barcelona\"\n\t\t\t\t\taria-label=\"Pol. Ind. Can Mascar\u00f3, Carrer del Ponent, 1, 1\u00aa 5, 08756 La Palma de Cervell\u00f3, Barcelona\"\n\t\t\t><\/iframe>\n\t\t<\/div>\n\t\t\t\t\t\t<\/div>\n\t\t\t\t\t<\/div>\n\t\t\t\t<\/div>\n\t\t<div class=\"elementor-element elementor-element-4e3fae0 e-flex e-con-boxed e-con e-parent\" data-id=\"4e3fae0\" data-element_type=\"container\" data-e-type=\"container\" data-settings=\"{&quot;background_background&quot;:&quot;classic&quot;}\">\n\t\t\t\t\t<div class=\"e-con-inner\">\n\t\t\t\t<div class=\"elementor-element elementor-element-0f3ef6e elementor-button-align-stretch elementor-widget elementor-widget-form\" data-id=\"0f3ef6e\" data-element_type=\"widget\" data-e-type=\"widget\" data-settings=\"{&quot;step_next_label&quot;:&quot;Siguiente&quot;,&quot;step_previous_label&quot;:&quot;Anterior&quot;,&quot;button_width&quot;:&quot;100&quot;,&quot;step_type&quot;:&quot;number_text&quot;,&quot;step_icon_shape&quot;:&quot;circle&quot;}\" data-widget_type=\"form.default\">\n\t\t\t\t\t\t\t<form class=\"elementor-form\" method=\"post\" name=\"Nuevo formulario\" aria-label=\"Nuevo formulario\">\n\t\t\t<input type=\"hidden\" name=\"post_id\" value=\"31\"\/>\n\t\t\t<input type=\"hidden\" name=\"form_id\" value=\"0f3ef6e\"\/>\n\t\t\t<input type=\"hidden\" name=\"referer_title\" value=\"contacto - MPC 360\u00ba\" \/>\n\n\t\t\t\t\t\t\t<input type=\"hidden\" name=\"queried_id\" value=\"31\"\/>\n\t\t\t\n\t\t\t<div class=\"elementor-form-fields-wrapper elementor-labels-above\">\n\t\t\t\t\t\t\t\t<div class=\"elementor-field-type-text elementor-field-group elementor-column elementor-field-group-name elementor-col-100\">\n\t\t\t\t\t\t\t\t\t\t\t\t<label for=\"form-field-name\" class=\"elementor-field-label\">\n\t\t\t\t\t\t\t\tNombre\t\t\t\t\t\t\t<\/label>\n\t\t\t\t\t\t\t\t\t\t\t\t\t\t<input size=\"1\" type=\"text\" name=\"form_fields[name]\" id=\"form-field-name\" class=\"elementor-field elementor-size-sm  elementor-field-textual\" placeholder=\"Nombre\">\n\t\t\t\t\t\t\t\t\t\t\t<\/div>\n\t\t\t\t\t\t\t\t<div class=\"elementor-field-type-email elementor-field-group elementor-column elementor-field-group-email elementor-col-100 elementor-field-required\">\n\t\t\t\t\t\t\t\t\t\t\t\t<label for=\"form-field-email\" class=\"elementor-field-label\">\n\t\t\t\t\t\t\t\tCorreo electr\u00f3nico\t\t\t\t\t\t\t<\/label>\n\t\t\t\t\t\t\t\t\t\t\t\t\t\t<input size=\"1\" type=\"email\" name=\"form_fields[email]\" id=\"form-field-email\" class=\"elementor-field elementor-size-sm  elementor-field-textual\" placeholder=\"Correo electr\u00f3nico\" required=\"required\">\n\t\t\t\t\t\t\t\t\t\t\t<\/div>\n\t\t\t\t\t\t\t\t<div class=\"elementor-field-type-textarea elementor-field-group elementor-column elementor-field-group-message elementor-col-100\">\n\t\t\t\t\t\t\t\t\t\t\t\t<label for=\"form-field-message\" class=\"elementor-field-label\">\n\t\t\t\t\t\t\t\tMensaje\t\t\t\t\t\t\t<\/label>\n\t\t\t\t\t\t<textarea class=\"elementor-field-textual elementor-field  elementor-size-sm\" name=\"form_fields[message]\" id=\"form-field-message\" rows=\"4\" placeholder=\"Mensaje\"><\/textarea>\t\t\t\t<\/div>\n\t\t\t\t\t\t\t\t<div class=\"elementor-field-type-acceptance elementor-field-group elementor-column elementor-field-group-field_89085da elementor-col-100\">\n\t\t\t\t\t\t\t\t\t\t\t\t<label for=\"form-field-field_89085da\" class=\"elementor-field-label\">\n\t\t\t\t\t\t\t\tAcepto la pol\u00edtica de priviacidad\t\t\t\t\t\t\t<\/label>\n\t\t\t\t\t\t\t\t<div class=\"elementor-field-subgroup\">\n\t\t\t<span class=\"elementor-field-option\">\n\t\t\t\t<input type=\"checkbox\" name=\"form_fields[field_89085da]\" id=\"form-field-field_89085da\" class=\"elementor-field elementor-size-sm  elementor-acceptance-field\">\n\t\t\t\t\t\t\t<\/span>\n\t\t<\/div>\n\t\t\t\t\t\t<\/div>\n\t\t\t\t\t\t\t\t<div class=\"elementor-field-group elementor-column elementor-field-type-submit elementor-col-100 e-form__buttons\">\n\t\t\t\t\t<button class=\"elementor-button elementor-size-sm\" type=\"submit\">\n\t\t\t\t\t\t<span class=\"elementor-button-content-wrapper\">\n\t\t\t\t\t\t\t\t\t\t\t\t\t\t\t\t\t\t\t\t\t\t<span class=\"elementor-button-text\">Enviar<\/span>\n\t\t\t\t\t\t\t\t\t\t\t\t\t<\/span>\n\t\t\t\t\t<\/button>\n\t\t\t\t<\/div>\n\t\t\t<\/div>\n\t\t<\/form>\n\t\t\t\t\t\t<\/div>\n\t\t\t\t\t<\/div>\n\t\t\t\t<\/div>\n\t\t<div class=\"elementor-element elementor-element-8fadbe7 e-flex e-con-boxed e-con e-parent\" data-id=\"8fadbe7\" data-element_type=\"container\" data-e-type=\"container\" data-settings=\"{&quot;background_background&quot;:&quot;classic&quot;}\">\n\t\t\t\t\t<div class=\"e-con-inner\">\n\t\t\t\t<div class=\"elementor-element elementor-element-63f0dd0 elementor-widget elementor-widget-image\" data-id=\"63f0dd0\" data-element_type=\"widget\" data-e-type=\"widget\" data-widget_type=\"image.default\">\n\t\t\t\t\t\t\t\t\t\t\t\t\t\t\t<img decoding=\"async\" width=\"300\" height=\"98\" src=\"https:\/\/mpcgest.com\/wp-content\/uploads\/2026\/01\/logos-300x98.webp\" class=\"attachment-medium size-medium wp-image-476\" alt=\"\" srcset=\"https:\/\/mpcgest.com\/wp-content\/uploads\/2026\/01\/logos-300x98.webp 300w, https:\/\/mpcgest.com\/wp-content\/uploads\/2026\/01\/logos-768x251.png 768w, https:\/\/mpcgest.com\/wp-content\/uploads\/2026\/01\/logos.webp 1024w\" sizes=\"(max-width: 300px) 100vw, 300px\" \/>\t\t\t\t\t\t\t\t\t\t\t\t\t\t\t<\/div>\n\t\t\t\t\t<\/div>\n\t\t\t\t<\/div>\n\t\t<div class=\"elementor-element elementor-element-4034f6f e-flex e-con-boxed e-con e-parent\" data-id=\"4034f6f\" data-element_type=\"container\" data-e-type=\"container\" data-settings=\"{&quot;background_background&quot;:&quot;classic&quot;}\">\n\t\t\t\t\t<div class=\"e-con-inner\">\n\t\t<div class=\"elementor-element elementor-element-7eac3bd e-con-full e-flex e-con e-child\" data-id=\"7eac3bd\" data-element_type=\"container\" data-e-type=\"container\">\n\t\t\t\t<div class=\"elementor-element elementor-element-490415e elementor-widget elementor-widget-image\" data-id=\"490415e\" data-element_type=\"widget\" data-e-type=\"widget\" data-widget_type=\"image.default\">\n\t\t\t\t\t\t\t\t\t\t\t\t\t\t\t<img decoding=\"async\" width=\"347\" height=\"91\" src=\"https:\/\/mpcgest.com\/wp-content\/uploads\/2026\/01\/Captura-de-pantalla-2026-01-29-a-las-13.10.27.webp\" class=\"attachment-large size-large wp-image-736\" alt=\"\" srcset=\"https:\/\/mpcgest.com\/wp-content\/uploads\/2026\/01\/Captura-de-pantalla-2026-01-29-a-las-13.10.27.webp 347w, https:\/\/mpcgest.com\/wp-content\/uploads\/2026\/01\/Captura-de-pantalla-2026-01-29-a-las-13.10.27-300x79.webp 300w\" sizes=\"(max-width: 347px) 100vw, 347px\" \/>\t\t\t\t\t\t\t\t\t\t\t\t\t\t\t<\/div>\n\t\t\t\t<\/div>\n\t\t\t\t\t<\/div>\n\t\t\t\t<\/div>\n\t\t\t\t<\/div>\n\t\t","protected":false},"excerpt":{"rendered":"<p>CONTACTO \u00bfTienes dudas o quieres m\u00e1s informaci\u00f3n sobre nuestros servicios?Estaremos encantadas de escucharte. Simplificamos tus tr\u00e1mites, potenciamos tus logros. Escr\u00edbenos y descubre una asesor\u00eda diferente: digital, profesional y cercana. Pol. Ind. Can Mascar\u00f3, Carrer del Ponent, 1, 1\u00aa 5, 08756 La Palma de Cervell\u00f3, Barcelona. \u00a0 623962295 info@mpcgest.com<\/p>\n","protected":false},"author":1,"featured_media":0,"parent":0,"menu_order":0,"comment_status":"closed","ping_status":"closed","template":"elementor_header_footer","meta":{"footnotes":""},"class_list":["post-31","page","type-page","status-publish","hentry"],"yoast_head":"<!-- This site is optimized with the Yoast SEO plugin v27.2 - https:\/\/yoast.com\/product\/yoast-seo-wordpress\/ -->\n<title>contacto - MPC 360\u00ba<\/title>\n<meta name=\"robots\" content=\"index, follow, max-snippet:-1, max-image-preview:large, max-video-preview:-1\" \/>\n<link rel=\"canonical\" href=\"https:\/\/mpcgest.com\/es\/contacto\/\" \/>\n<meta property=\"og:locale\" content=\"es_ES\" \/>\n<meta property=\"og:type\" content=\"article\" \/>\n<meta property=\"og:title\" content=\"contacto - MPC 360\u00ba\" \/>\n<meta property=\"og:description\" content=\"CONTACTO \u00bfTienes dudas o quieres m\u00e1s informaci\u00f3n sobre nuestros servicios?Estaremos encantadas de escucharte. Simplificamos tus tr\u00e1mites, potenciamos tus logros. Escr\u00edbenos y descubre una asesor\u00eda diferente: digital, profesional y cercana. Pol. Ind. Can Mascar\u00f3, Carrer del Ponent, 1, 1\u00aa 5, 08756 La Palma de Cervell\u00f3, Barcelona. \u00a0 623962295 info@mpcgest.com\" \/>\n<meta property=\"og:url\" content=\"https:\/\/mpcgest.com\/es\/contacto\/\" \/>\n<meta property=\"og:site_name\" content=\"MPC 360\u00ba\" \/>\n<meta property=\"article:modified_time\" content=\"2026-03-16T11:12:22+00:00\" \/>\n<meta property=\"og:image\" content=\"https:\/\/mpcgest.com\/wp-content\/uploads\/2025\/12\/Logo-Horizontal-Marron-Verde@1.5x.webp\" \/>\n\t<meta property=\"og:image:width\" content=\"1626\" \/>\n\t<meta property=\"og:image:height\" content=\"360\" \/>\n\t<meta property=\"og:image:type\" content=\"image\/webp\" \/>\n<meta name=\"twitter:card\" content=\"summary_large_image\" \/>\n<meta name=\"twitter:label1\" content=\"Tiempo de lectura\" \/>\n\t<meta name=\"twitter:data1\" content=\"1 minuto\" \/>\n<script type=\"application\/ld+json\" class=\"yoast-schema-graph\">{\"@context\":\"https:\/\/schema.org\",\"@graph\":[{\"@type\":\"WebPage\",\"@id\":\"https:\/\/mpcgest.com\/es\/contacto\/\",\"url\":\"https:\/\/mpcgest.com\/es\/contacto\/\",\"name\":\"contacto - MPC 360\u00ba\",\"isPartOf\":{\"@id\":\"https:\/\/mpcgest.com\/es\/#website\"},\"primaryImageOfPage\":{\"@id\":\"https:\/\/mpcgest.com\/es\/contacto\/#primaryimage\"},\"image\":{\"@id\":\"https:\/\/mpcgest.com\/es\/contacto\/#primaryimage\"},\"thumbnailUrl\":\"https:\/\/mpcgest.com\/wp-content\/uploads\/2025\/12\/Logo-Horizontal-Marron-Verde@1.5x-300x66.webp\",\"datePublished\":\"2025-12-16T11:12:01+00:00\",\"dateModified\":\"2026-03-16T11:12:22+00:00\",\"breadcrumb\":{\"@id\":\"https:\/\/mpcgest.com\/es\/contacto\/#breadcrumb\"},\"inLanguage\":\"es\",\"potentialAction\":[{\"@type\":\"ReadAction\",\"target\":[\"https:\/\/mpcgest.com\/es\/contacto\/\"]}]},{\"@type\":\"ImageObject\",\"inLanguage\":\"es\",\"@id\":\"https:\/\/mpcgest.com\/es\/contacto\/#primaryimage\",\"url\":\"https:\/\/mpcgest.com\/wp-content\/uploads\/2025\/12\/Logo-Horizontal-Marron-Verde@1.5x-300x66.webp\",\"contentUrl\":\"https:\/\/mpcgest.com\/wp-content\/uploads\/2025\/12\/Logo-Horizontal-Marron-Verde@1.5x-300x66.webp\"},{\"@type\":\"BreadcrumbList\",\"@id\":\"https:\/\/mpcgest.com\/es\/contacto\/#breadcrumb\",\"itemListElement\":[{\"@type\":\"ListItem\",\"position\":1,\"name\":\"Portada\",\"item\":\"https:\/\/mpcgest.com\/es\/\"},{\"@type\":\"ListItem\",\"position\":2,\"name\":\"contacto\"}]},{\"@type\":\"WebSite\",\"@id\":\"https:\/\/mpcgest.com\/es\/#website\",\"url\":\"https:\/\/mpcgest.com\/es\/\",\"name\":\"MPC 360\u00ba\",\"description\":\"\",\"publisher\":{\"@id\":\"https:\/\/mpcgest.com\/es\/#organization\"},\"potentialAction\":[{\"@type\":\"SearchAction\",\"target\":{\"@type\":\"EntryPoint\",\"urlTemplate\":\"https:\/\/mpcgest.com\/es\/?s={search_term_string}\"},\"query-input\":{\"@type\":\"PropertyValueSpecification\",\"valueRequired\":true,\"valueName\":\"search_term_string\"}}],\"inLanguage\":\"es\"},{\"@type\":\"Organization\",\"@id\":\"https:\/\/mpcgest.com\/es\/#organization\",\"name\":\"MPC 360\u00ba\",\"url\":\"https:\/\/mpcgest.com\/es\/\",\"logo\":{\"@type\":\"ImageObject\",\"inLanguage\":\"es\",\"@id\":\"https:\/\/mpcgest.com\/es\/#\/schema\/logo\/image\/\",\"url\":\"https:\/\/mpcgest.com\/wp-content\/uploads\/2025\/12\/Logo-Vertical-Negro@1.5x.webp\",\"contentUrl\":\"https:\/\/mpcgest.com\/wp-content\/uploads\/2025\/12\/Logo-Vertical-Negro@1.5x.webp\",\"width\":1134,\"height\":920,\"caption\":\"MPC 360\u00ba\"},\"image\":{\"@id\":\"https:\/\/mpcgest.com\/es\/#\/schema\/logo\/image\/\"}}]}<\/script>\n<!-- \/ Yoast SEO plugin. -->","yoast_head_json":{"title":"contacto - MPC 360\u00ba","robots":{"index":"index","follow":"follow","max-snippet":"max-snippet:-1","max-image-preview":"max-image-preview:large","max-video-preview":"max-video-preview:-1"},"canonical":"https:\/\/mpcgest.com\/es\/contacto\/","og_locale":"es_ES","og_type":"article","og_title":"contacto - MPC 360\u00ba","og_description":"CONTACTO \u00bfTienes dudas o quieres m\u00e1s informaci\u00f3n sobre nuestros servicios?Estaremos encantadas de escucharte. Simplificamos tus tr\u00e1mites, potenciamos tus logros. Escr\u00edbenos y descubre una asesor\u00eda diferente: digital, profesional y cercana. Pol. Ind. Can Mascar\u00f3, Carrer del Ponent, 1, 1\u00aa 5, 08756 La Palma de Cervell\u00f3, Barcelona. \u00a0 623962295 info@mpcgest.com","og_url":"https:\/\/mpcgest.com\/es\/contacto\/","og_site_name":"MPC 360\u00ba","article_modified_time":"2026-03-16T11:12:22+00:00","og_image":[{"width":1626,"height":360,"url":"https:\/\/mpcgest.com\/wp-content\/uploads\/2025\/12\/Logo-Horizontal-Marron-Verde@1.5x.webp","type":"image\/webp"}],"twitter_card":"summary_large_image","twitter_misc":{"Tiempo de lectura":"1 minuto"},"schema":{"@context":"https:\/\/schema.org","@graph":[{"@type":"WebPage","@id":"https:\/\/mpcgest.com\/es\/contacto\/","url":"https:\/\/mpcgest.com\/es\/contacto\/","name":"contacto - MPC 360\u00ba","isPartOf":{"@id":"https:\/\/mpcgest.com\/es\/#website"},"primaryImageOfPage":{"@id":"https:\/\/mpcgest.com\/es\/contacto\/#primaryimage"},"image":{"@id":"https:\/\/mpcgest.com\/es\/contacto\/#primaryimage"},"thumbnailUrl":"https:\/\/mpcgest.com\/wp-content\/uploads\/2025\/12\/Logo-Horizontal-Marron-Verde@1.5x-300x66.webp","datePublished":"2025-12-16T11:12:01+00:00","dateModified":"2026-03-16T11:12:22+00:00","breadcrumb":{"@id":"https:\/\/mpcgest.com\/es\/contacto\/#breadcrumb"},"inLanguage":"es","potentialAction":[{"@type":"ReadAction","target":["https:\/\/mpcgest.com\/es\/contacto\/"]}]},{"@type":"ImageObject","inLanguage":"es","@id":"https:\/\/mpcgest.com\/es\/contacto\/#primaryimage","url":"https:\/\/mpcgest.com\/wp-content\/uploads\/2025\/12\/Logo-Horizontal-Marron-Verde@1.5x-300x66.webp","contentUrl":"https:\/\/mpcgest.com\/wp-content\/uploads\/2025\/12\/Logo-Horizontal-Marron-Verde@1.5x-300x66.webp"},{"@type":"BreadcrumbList","@id":"https:\/\/mpcgest.com\/es\/contacto\/#breadcrumb","itemListElement":[{"@type":"ListItem","position":1,"name":"Portada","item":"https:\/\/mpcgest.com\/es\/"},{"@type":"ListItem","position":2,"name":"contacto"}]},{"@type":"WebSite","@id":"https:\/\/mpcgest.com\/es\/#website","url":"https:\/\/mpcgest.com\/es\/","name":"MPC 360\u00ba","description":"","publisher":{"@id":"https:\/\/mpcgest.com\/es\/#organization"},"potentialAction":[{"@type":"SearchAction","target":{"@type":"EntryPoint","urlTemplate":"https:\/\/mpcgest.com\/es\/?s={search_term_string}"},"query-input":{"@type":"PropertyValueSpecification","valueRequired":true,"valueName":"search_term_string"}}],"inLanguage":"es"},{"@type":"Organization","@id":"https:\/\/mpcgest.com\/es\/#organization","name":"MPC 360\u00ba","url":"https:\/\/mpcgest.com\/es\/","logo":{"@type":"ImageObject","inLanguage":"es","@id":"https:\/\/mpcgest.com\/es\/#\/schema\/logo\/image\/","url":"https:\/\/mpcgest.com\/wp-content\/uploads\/2025\/12\/Logo-Vertical-Negro@1.5x.webp","contentUrl":"https:\/\/mpcgest.com\/wp-content\/uploads\/2025\/12\/Logo-Vertical-Negro@1.5x.webp","width":1134,"height":920,"caption":"MPC 360\u00ba"},"image":{"@id":"https:\/\/mpcgest.com\/es\/#\/schema\/logo\/image\/"}}]}},"_links":{"self":[{"href":"https:\/\/mpcgest.com\/es\/wp-json\/wp\/v2\/pages\/31","targetHints":{"allow":["GET"]}}],"collection":[{"href":"https:\/\/mpcgest.com\/es\/wp-json\/wp\/v2\/pages"}],"about":[{"href":"https:\/\/mpcgest.com\/es\/wp-json\/wp\/v2\/types\/page"}],"author":[{"embeddable":true,"href":"https:\/\/mpcgest.com\/es\/wp-json\/wp\/v2\/users\/1"}],"replies":[{"embeddable":true,"href":"https:\/\/mpcgest.com\/es\/wp-json\/wp\/v2\/comments?post=31"}],"version-history":[{"count":55,"href":"https:\/\/mpcgest.com\/es\/wp-json\/wp\/v2\/pages\/31\/revisions"}],"predecessor-version":[{"id":849,"href":"https:\/\/mpcgest.com\/es\/wp-json\/wp\/v2\/pages\/31\/revisions\/849"}],"wp:attachment":[{"href":"https:\/\/mpcgest.com\/es\/wp-json\/wp\/v2\/media?parent=31"}],"curies":[{"name":"wp","href":"https:\/\/api.w.org\/{rel}","templated":true}]}}